{"id":593,"date":"2025-12-12T20:30:14","date_gmt":"2025-12-13T02:30:14","guid":{"rendered":"https:\/\/revistaece.dataware.cloud\/?page_id=593"},"modified":"2026-03-20T19:18:57","modified_gmt":"2026-03-21T01:18:57","slug":"otras-politicas","status":"publish","type":"page","link":"https:\/\/revistaece.dataware.cloud\/?page_id=593","title":{"rendered":"Otras Pol\u00edticas"},"content":{"rendered":"\n<h2 class=\"wp-block-heading\"><strong>Revisi\u00f3n por pares<\/strong><\/h2>\n\n\n\n<ul class=\"wp-block-list\">\n<li><strong>Revisi\u00f3n editorial:<\/strong> Los art\u00edculos de artes y humanidades ser\u00e1n evaluados mediante un proceso de <strong>revisi\u00f3n por el comit\u00e9 editorial\/cient\u00edfico<\/strong>, implementado por el comit\u00e9 cient\u00edfico de la revista. Cada manuscrito ser\u00e1 asignado a especialistas cuya l\u00ednea de investigaci\u00f3n corresponda con la tem\u00e1tica del trabajo, garantizando as\u00ed un dictamen riguroso, imparcial y acorde con los est\u00e1ndares acad\u00e9micos de la disciplina.<\/li>\n\n\n\n<li><strong>Revisi\u00f3n por pares:<\/strong> Los art\u00edculos recibidos en la revista ser\u00e1n evaluados mediante un proceso de <strong>revisi\u00f3n por pares<\/strong>, coordinado por el comit\u00e9 cient\u00edfico. Cada manuscrito ser\u00e1 asignado a especialistas cuya l\u00ednea de investigaci\u00f3n corresponda con la tem\u00e1tica del trabajo, garantizando un dictamen riguroso, imparcial y acorde con los est\u00e1ndares acad\u00e9micos de cada disciplina.<\/li>\n<\/ul>\n\n\n\n<figure class=\"wp-block-table\"><table class=\"has-fixed-layout\"><tbody><tr><td><strong>Revisi\u00f3n editorial<\/strong> (Ciencias Naturales y Sociales)<\/td><td><strong>Revisi\u00f3n por pares:<\/strong> (Artes)<\/td><\/tr><tr><td>Celia Am\u00e9rica Nieto del Valle-Derecho-UMSNH<br>Victor Fernando Nieto del Valle-Educaci\u00f3n-UMSNH<br>Carlos Salvador Rodr\u00edguez Camarena-Derecho-UMSNH<br>Claudia Alejandra Verduzco Moreno-Derecho-UMSNH<br>Francisco Ramos Quiroz-Derecho-UMSNH<br>Mar\u00eda Trinidad Rojas Arreola-Derecho-UMSNH<br>Paulina Isabel Silva Rubio-Derecho-UMSNH<br>Alejandra P\u00e9rez Nava-Qu\u00edmica-UNAM<br>Mario Valle S\u00e1nchez-Qu\u00edmica-UNAM<br>Amalia \u00c1vila Silva-Geolog\u00eda-UMSNH<br>David \u00c1ngel Lozano Tovar-Economista-UNAM<br>Karim Alan Corona Hern\u00e1ndez-Matem\u00e1ticas-UMSNH<\/td><td>Celia Am\u00e9rica Nieto del Valle-Derecho-UMSNH<br>Victor Fernando Nieto del Valle-Educaci\u00f3n-UMSNH<br>Alicia Medrano Hern\u00e1ndez-Bellas artes-UMSNH<\/td><\/tr><\/tbody><\/table><figcaption class=\"wp-element-caption\">UMSNH: Universidad Michoacana de San Nicol\u00e1s de Hidalgo.<br>UNAM: Universidad Nacional Aut\u00f3noma de M\u00e9xico.<\/figcaption><\/figure>\n\n\n\n<h2 class=\"wp-block-heading\"><strong>Pol\u00edticas de verificaci\u00f3n de plagio<\/strong><\/h2>\n\n\n\n<p>1. Verificaci\u00f3n activa de plagio<\/p>\n\n\n\n<p>La revista realiza una <strong>verificaci\u00f3n activa y sistem\u00e1tica de plagio<\/strong> en todos los manuscritos recibidos antes de su aceptaci\u00f3n.<\/p>\n\n\n\n<ul class=\"wp-block-list\">\n<li>Se utiliza el servicio especializado de <strong>Crossref Similarity Check (iThenticate)<\/strong>, reconocido internacionalmente en el \u00e1mbito acad\u00e9mico.<\/li>\n\n\n\n<li>El comit\u00e9 editorial revisa los informes generados por el software, evaluando coincidencias textuales y posibles irregularidades.<\/li>\n\n\n\n<li>En caso de detectar similitudes significativas, se notifica a los autores para que realicen las correcciones necesarias antes de continuar con el proceso de dictaminaci\u00f3n.<\/li>\n<\/ul>\n\n\n\n<p>2. Responsabilidad de los autores<\/p>\n\n\n\n<ul class=\"wp-block-list\">\n<li>Los autores deber\u00e1n firmar un <strong>escrito de responsabilidad<\/strong> (formato libre) en el que declaren que su trabajo es original y que se comprometen a <strong>subsanar cualquier observaci\u00f3n derivada del proceso de verificaci\u00f3n de plagio<\/strong>.<\/li>\n\n\n\n<li>Dicho escrito se adjunta al env\u00edo del manuscrito y constituye un requisito indispensable para la evaluaci\u00f3n por pares.<\/li>\n\n\n\n<li>Los autores conservan la titularidad de sus obras, pero aceptan que la revista utilice herramientas de detecci\u00f3n de similitud para garantizar la integridad acad\u00e9mica.<\/li>\n<\/ul>\n\n\n\n<p>3. Procedimiento en caso de anomal\u00edas<\/p>\n\n\n\n<p>Si se detecta una anomal\u00eda o posible falta de integridad acad\u00e9mica, la revista:<\/p>\n\n\n\n<ul class=\"wp-block-list\">\n<li>Notificar\u00e1 de inmediato a los autores, enviando el informe correspondiente.<\/li>\n\n\n\n<li>Proporcionar\u00e1 un plazo razonable para que los autores <strong>corrijan o justifiquen<\/strong> las coincidencias detectadas.<\/li>\n\n\n\n<li>Mantendr\u00e1 comunicaci\u00f3n abierta tanto con los autores como con cualquier persona que reporte irregularidades, a fin de <strong>subsanar las faltas de manera transparente<\/strong>.<\/li>\n<\/ul>\n\n\n\n<p>4. Contacto y transparencia<\/p>\n\n\n\n<ul class=\"wp-block-list\">\n<li>La revista pone a disposici\u00f3n los <strong>datos de contacto de los autores<\/strong> en cada publicaci\u00f3n, de modo que cualquier lector, investigador o instituci\u00f3n pueda comunicarse directamente en caso de detectar anomal\u00edas.<\/li>\n\n\n\n<li>Asimismo, el comit\u00e9 editorial act\u00faa como mediador para garantizar que las observaciones se atiendan con rigor y respeto.<\/li>\n<\/ul>\n\n\n\n<p>5. Compromiso editorial<\/p>\n\n\n\n<p>La <em>Revista Epistemolog\u00eda Ciencia Educaci\u00f3n<\/em> reafirma su compromiso con:<\/p>\n\n\n\n<ul class=\"wp-block-list\">\n<li>La <strong>integridad acad\u00e9mica<\/strong>.<\/li>\n\n\n\n<li>El <strong>respeto a los derechos de autor<\/strong>.<\/li>\n\n\n\n<li>La <strong>transparencia editorial<\/strong> en todos sus procesos.<\/li>\n<\/ul>\n\n\n\n<h2 class=\"wp-block-heading\">Tarifas de Publicaci\u00f3n (APCs)<\/h2>\n\n\n\n<p>La <em>Revista Epistemolog\u00eda Ciencia Educativa<\/em> <strong>no exige ning\u00fan pago por publicar art\u00edculos<\/strong>.<br>Esto significa que los autores pueden enviar, someter a dictamen y publicar sus trabajos sin cubrir <strong>cargos de procesamiento de art\u00edculos (APCs)<\/strong> ni cuotas editoriales.<\/p>\n\n\n\n<p>La revista se sostiene gracias al compromiso de su comunidad acad\u00e9mica y a la <strong>solidaridad de quienes deciden apoyar voluntariamente<\/strong> su continuidad. Por ello:<\/p>\n\n\n\n<ul class=\"wp-block-list\">\n<li><strong>No existen tarifas obligatorias de publicaci\u00f3n.<\/strong><\/li>\n\n\n\n<li><strong>La revista sobrevive con donativos voluntarios<\/strong>, que pueden realizarse a trav\u00e9s de los contactos oficiales.<\/li>\n\n\n\n<li>Quien desee contribuir al sostenimiento de la revista puede comunicarse directamente al correo: <strong>fnieto@umich.mx<\/strong>.<\/li>\n<\/ul>\n\n\n\n<p>\u2705 Compromiso editorial<\/p>\n\n\n\n<ul class=\"wp-block-list\">\n<li>Garantizar el <strong>acceso abierto<\/strong> y gratuito a todos los contenidos.<\/li>\n\n\n\n<li>Respetar los <strong>derechos de autor<\/strong>, quienes conservan la titularidad de sus obras.<\/li>\n\n\n\n<li>Promover la <strong>difusi\u00f3n del conocimiento cient\u00edfico y educativo<\/strong> sin barreras econ\u00f3micas.<\/li>\n<\/ul>\n\n\n\n<p>A continuaci\u00f3n, se detallan los&nbsp;<strong>lineamientos y servicios<\/strong>&nbsp;relacionados con el proceso de publicaci\u00f3n en nuestra revista. Es importante destacar que la edici\u00f3n en formatos&nbsp;<strong>PDF y WEB<\/strong>, as\u00ed como la asignaci\u00f3n del&nbsp;<strong>ISBN<\/strong>, no representan costo alguno para los autores; por otro lado, se aclara que el tr\u00e1mite del&nbsp;<strong>DOI<\/strong>&nbsp;es un servicio opcional cuya gesti\u00f3n y detalles adicionales pueden consultarse v\u00eda correo electr\u00f3nico.<\/p>\n\n\n\n<figure class=\"wp-block-table\"><table class=\"has-fixed-layout\"><tbody><tr><td><strong>Publicar en la revista formato PDF y WEB<\/strong><\/td><td>No tiene costo alguno.<\/td><\/tr><tr><td><strong>ISBN<\/strong><\/td><td>No tiene costo alguno.<\/td><\/tr><tr><td><strong>DOI<\/strong><\/td><td>Les informamos que la asignaci\u00f3n del&nbsp;<strong>DOI<\/strong>&nbsp;(Identificador de Objeto Digital) es un servicio&nbsp;<strong>opcional e independiente<\/strong>&nbsp;de la publicaci\u00f3n en nuestra revista. No es un requisito obligatorio que el art\u00edculo cuente con este identificador; la decisi\u00f3n de tramitarlo recae enteramente en los autores y sus intereses como investigadores (RISOMA y SECIHTI). Para obtener m\u00e1s detalles sobre este proceso, favor de solicitar informaci\u00f3n v\u00eda correo electr\u00f3nico a:&nbsp;fnieto@umich.mx<\/td><\/tr><tr><td><strong>Indexaci\u00f3n<\/strong><\/td><td>En tr\u00e1mite con DOAJ.<\/td><\/tr><tr><td><strong>Catalogo <\/strong><\/td><td>No se puede tramitar hasta superar el proceso de indexaci\u00f3n.<\/td><\/tr><\/tbody><\/table><\/figure>\n\n\n\n<h2 class=\"wp-block-heading\">Pol\u00edtica de archivo<\/h2>\n\n\n\n<p><strong>Revista Epistemolog\u00eda Ciencia Educativa<\/strong><\/p>\n\n\n\n<p>La <em>Revista Epistemolog\u00eda Ciencia Educativa<\/em> asegura la <strong>preservaci\u00f3n a largo plazo<\/strong> de sus contenidos mediante un esquema propio de alojamiento y respaldo digital.<\/p>\n\n\n\n<p>Actualmente, la revista <strong>no se encuentra registrada en servicios internacionales de preservaci\u00f3n como PubMed Central (PMC) o EuropePMC<\/strong>, pero garantiza la conservaci\u00f3n de sus art\u00edculos y n\u00fameros completos (seg\u00fan el archivo) a trav\u00e9s de los siguientes mecanismos:<\/p>\n\n\n\n<ul class=\"wp-block-list\">\n<li><strong>Servidor privado:<\/strong> La revista cuenta con un servidor de iniciativa privada que asegura el alojamiento de los art\u00edculos y p\u00e1ginas por tiempo indefinido.<\/li>\n\n\n\n<li><strong>Membres\u00eda activa en Crossref:<\/strong> Todos los art\u00edculos publicados reciben un <strong>DOI (Digital Object Identifier)<\/strong>, lo que garantiza su identificaci\u00f3n \u00fanica y su trazabilidad en bases de datos acad\u00e9micas internacionales.<\/li>\n\n\n\n<li><strong>Plataforma WordPress:<\/strong> El sitio web oficial de la revista (<a href=\"https:\/\/revistaece.dataware.cloud\/\">Revista Epistemolog\u00eda Ciencia Educaci\u00f3n DOI: 10.64121 ISSN: 3061-7936 \u2013 Revista Epistemolog\u00eda<\/a>) se mantiene mediante una membres\u00eda activa en WordPress, lo que permite la gesti\u00f3n, actualizaci\u00f3n y preservaci\u00f3n de los contenidos digitales.<\/li>\n\n\n\n<li><strong>Respaldo editorial:<\/strong> El comit\u00e9 cient\u00edfico y editorial conserva copias digitales de cada n\u00famero publicado, asegurando la disponibilidad de los contenidos en caso de contingencia t\u00e9cnica.<\/li>\n<\/ul>\n\n\n\n<p>\u2705 Declaraci\u00f3n oficial<\/p>\n\n\n\n<p>El contenido de la revista <strong>est\u00e1 archivado en un servidor privado de iniciativa acad\u00e9mica<\/strong>, con respaldo institucional y membres\u00edas activas en Crossref y WordPress. Aunque no se encuentra inscrita en servicios internacionales de preservaci\u00f3n como PMC, se garantiza la <strong>conservaci\u00f3n indefinida<\/strong> de los art\u00edculos gracias al patrocinio y compromiso de la comunidad acad\u00e9mica de algunos docentes de la Universidad Michoacana de San Nicolas de Hidalgo que sostiene este proyecto.<\/p>\n\n\n\n<h2 class=\"wp-block-heading\">Pol\u00edtica del repositorio<\/h2>\n\n\n\n<p><strong>Revista Epistemolog\u00eda Ciencia Educativa<\/strong><\/p>\n\n\n\n<p>La <em>Revista Epistemolog\u00eda Ciencia Educativa<\/em> promueve el acceso abierto y la difusi\u00f3n del conocimiento, por lo que permite a los autores <strong>depositar versiones de sus trabajos en repositorios institucionales, tem\u00e1ticos o de su elecci\u00f3n<\/strong>, siempre que se respeten las siguientes condiciones:<\/p>\n\n\n\n<p>\ud83d\udccc Versiones autorizadas para dep\u00f3sito<\/p>\n\n\n\n<ul class=\"wp-block-list\">\n<li><strong>Versi\u00f3n enviada (preprint):<\/strong><br>Los autores pueden depositar la versi\u00f3n inicial de su manuscrito (antes de la revisi\u00f3n por pares) en repositorios institucionales o tem\u00e1ticos, siempre que se indique claramente que se trata de un <strong>preprint<\/strong> y que a\u00fan no ha sido evaluado ni aceptado por la revista.<\/li>\n\n\n\n<li><strong>Versi\u00f3n aceptada (postprint \/ manuscrito aceptado por autor):<\/strong><br>Una vez que el art\u00edculo ha sido aceptado tras la revisi\u00f3n por pares, los autores pueden depositar esta versi\u00f3n en repositorios institucionales o de su elecci\u00f3n. Se debe incluir la nota: <em>\u201cEste manuscrito ha sido aceptado para su publicaci\u00f3n en la Revista Epistemolog\u00eda Ciencia Educativa\u201d<\/em>, junto con el <strong>DOI asignado por Crossref<\/strong>.<\/li>\n\n\n\n<li><strong>Versi\u00f3n publicada (versi\u00f3n de registro):<\/strong><br>La versi\u00f3n final publicada en la revista (PDF oficial con formato editorial) puede ser depositada en repositorios institucionales, tem\u00e1ticos o personales, siempre que se mantenga la referencia completa a la revista, incluyendo:<\/li>\n<\/ul>\n\n\n\n<ul class=\"wp-block-list\">\n<li>T\u00edtulo de la revista<\/li>\n\n\n\n<li>N\u00famero y a\u00f1o de publicaci\u00f3n<\/li>\n\n\n\n<li>ISSN<\/li>\n\n\n\n<li>DOI (<strong>opcional<\/strong>)<\/li>\n\n\n\n<li>Enlace al sitio oficial: <a href=\"https:\/\/www.cienciaeducativa.com\/\"><a href=\"https:\/\/revistaece.dataware.cloud\/\">Revista Epistemolog\u00eda Ciencia Educaci\u00f3n DOI: 10.64121 ISSN: 3061-7936 \u2013 Revista Epistemolog\u00eda<\/a><\/a><\/li>\n<\/ul>\n\n\n\n<p>\ud83d\udccc Registro de la pol\u00edtica<\/p>\n\n\n\n<p>Esta pol\u00edtica se encuentra registrada y publicada en el portal oficial de la revista:<br>\ud83d\udc49 <a href=\"https:\/\/www.cienciaeducativa.com\/\"><a href=\"https:\/\/revistaece.dataware.cloud\/\">Revista Epistemolog\u00eda Ciencia Educaci\u00f3n DOI: 10.64121 ISSN: 3061-7936 \u2013 Revista Epistemolog\u00eda<\/a><\/a><\/p>\n\n\n\n<p>Adem\u00e1s, forma parte de las <strong>pol\u00edticas editoriales<\/strong> y de las <strong>instrucciones para autores<\/strong>, garantizando transparencia y claridad en el proceso de difusi\u00f3n y preservaci\u00f3n de los art\u00edculos.<\/p>\n\n\n\n<p>\u2705 Compromiso editorial<\/p>\n\n\n\n<p>La revista reafirma su compromiso con:<\/p>\n\n\n\n<ul class=\"wp-block-list\">\n<li>El <strong>acceso abierto<\/strong> sin barreras econ\u00f3micas.<\/li>\n\n\n\n<li>La <strong>preservaci\u00f3n y difusi\u00f3n<\/strong> del conocimiento en repositorios institucionales y tem\u00e1ticos.<\/li>\n\n\n\n<li>El <strong>respeto a los derechos de autor<\/strong>, quienes conservan la titularidad de sus obras.<\/li>\n\n\n\n<li>La <strong>trazabilidad acad\u00e9mica<\/strong>, asegurada mediante la asignaci\u00f3n de <strong>DOIs por Crossref<\/strong> (<strong>opcional<\/strong>).<\/li>\n<\/ul>\n","protected":false},"excerpt":{"rendered":"<p>Revisi\u00f3n por pares Revisi\u00f3n editorial (Ciencias Naturales y Sociales) Revisi\u00f3n por pares: (Artes) Celia Am\u00e9rica Nieto del Valle-Derecho-UMSNHVictor Fernando Nieto [&hellip;]<\/p>\n","protected":false},"author":1,"featured_media":0,"parent":0,"menu_order":0,"comment_status":"closed","ping_status":"closed","template":"","meta":{"_uag_custom_page_level_css":"","site-sidebar-layout":"default","site-content-layout":"","ast-site-content-layout":"default","site-content-style":"default","site-sidebar-style":"default","ast-global-header-display":"","ast-banner-title-visibility":"","ast-main-header-display":"","ast-hfb-above-header-display":"","ast-hfb-below-header-display":"","ast-hfb-mobile-header-display":"","site-post-title":"","ast-breadcrumbs-content":"","ast-featured-img":"","footer-sml-layout":"","ast-disable-related-posts":"","theme-transparent-header-meta":"","adv-header-id-meta":"","stick-header-meta":"","header-above-stick-meta":"","header-main-stick-meta":"","header-below-stick-meta":"","astra-migrate-meta-layouts":"default","ast-page-background-enabled":"default","ast-page-background-meta":{"desktop":{"background-color":"var(--ast-global-color-5)","background-image":"","background-repeat":"repeat","background-position":"center center","background-size":"auto","background-attachment":"scroll","background-type":"","background-media":"","overlay-type":"","overlay-color":"","overlay-opacity":"","overlay-gradient":""},"tablet":{"background-color":"","background-image":"","background-repeat":"repeat","background-position":"center center","background-size":"auto","background-attachment":"scroll","background-type":"","background-media":"","overlay-type":"","overlay-color":"","overlay-opacity":"","overlay-gradient":""},"mobile":{"background-color":"","background-image":"","background-repeat":"repeat","background-position":"center center","background-size":"auto","background-attachment":"scroll","background-type":"","background-media":"","overlay-type":"","overlay-color":"","overlay-opacity":"","overlay-gradient":""}},"ast-content-background-meta":{"desktop":{"background-color":"var(--ast-global-color-4)","background-image":"","background-repeat":"repeat","background-position":"center center","background-size":"auto","background-attachment":"scroll","background-type":"","background-media":"","overlay-type":"","overlay-color":"","overlay-opacity":"","overlay-gradient":""},"tablet":{"background-color":"var(--ast-global-color-4)","background-image":"","background-repeat":"repeat","background-position":"center center","background-size":"auto","background-attachment":"scroll","background-type":"","background-media":"","overlay-type":"","overlay-color":"","overlay-opacity":"","overlay-gradient":""},"mobile":{"background-color":"var(--ast-global-color-4)","background-image":"","background-repeat":"repeat","background-position":"center center","background-size":"auto","background-attachment":"scroll","background-type":"","background-media":"","overlay-type":"","overlay-color":"","overlay-opacity":"","overlay-gradient":""}},"footnotes":""},"class_list":["post-593","page","type-page","status-publish","hentry"],"spectra_custom_meta":{"_uagb_previous_block_counts":["a:90:{s:21:\"uagb\/advanced-heading\";i:0;s:15:\"uagb\/blockquote\";i:0;s:12:\"uagb\/buttons\";i:0;s:18:\"uagb\/buttons-child\";i:0;s:19:\"uagb\/call-to-action\";i:0;s:15:\"uagb\/cf7-styler\";i:0;s:11:\"uagb\/column\";i:0;s:12:\"uagb\/columns\";i:0;s:14:\"uagb\/container\";i:0;s:21:\"uagb\/content-timeline\";i:0;s:27:\"uagb\/content-timeline-child\";i:0;s:14:\"uagb\/countdown\";i:0;s:12:\"uagb\/counter\";i:0;s:8:\"uagb\/faq\";i:0;s:14:\"uagb\/faq-child\";i:0;s:10:\"uagb\/forms\";i:0;s:17:\"uagb\/forms-accept\";i:0;s:19:\"uagb\/forms-checkbox\";i:0;s:15:\"uagb\/forms-date\";i:0;s:16:\"uagb\/forms-email\";i:0;s:17:\"uagb\/forms-hidden\";i:0;s:15:\"uagb\/forms-name\";i:0;s:16:\"uagb\/forms-phone\";i:0;s:16:\"uagb\/forms-radio\";i:0;s:17:\"uagb\/forms-select\";i:0;s:19:\"uagb\/forms-textarea\";i:0;s:17:\"uagb\/forms-toggle\";i:0;s:14:\"uagb\/forms-url\";i:0;s:14:\"uagb\/gf-styler\";i:0;s:15:\"uagb\/google-map\";i:0;s:11:\"uagb\/how-to\";i:0;s:16:\"uagb\/how-to-step\";i:0;s:9:\"uagb\/icon\";i:0;s:14:\"uagb\/icon-list\";i:0;s:20:\"uagb\/icon-list-child\";i:0;s:10:\"uagb\/image\";i:0;s:18:\"uagb\/image-gallery\";i:0;s:13:\"uagb\/info-box\";i:0;s:18:\"uagb\/inline-notice\";i:0;s:11:\"uagb\/lottie\";i:0;s:21:\"uagb\/marketing-button\";i:0;s:10:\"uagb\/modal\";i:0;s:18:\"uagb\/popup-builder\";i:0;s:16:\"uagb\/post-button\";i:0;s:18:\"uagb\/post-carousel\";i:0;s:17:\"uagb\/post-excerpt\";i:0;s:14:\"uagb\/post-grid\";i:0;s:15:\"uagb\/post-image\";i:0;s:17:\"uagb\/post-masonry\";i:0;s:14:\"uagb\/post-meta\";i:0;s:18:\"uagb\/post-taxonomy\";i:0;s:18:\"uagb\/post-timeline\";i:0;s:15:\"uagb\/post-title\";i:0;s:20:\"uagb\/restaurant-menu\";i:0;s:26:\"uagb\/restaurant-menu-child\";i:0;s:11:\"uagb\/review\";i:0;s:12:\"uagb\/section\";i:0;s:14:\"uagb\/separator\";i:0;s:11:\"uagb\/slider\";i:0;s:17:\"uagb\/slider-child\";i:0;s:17:\"uagb\/social-share\";i:0;s:23:\"uagb\/social-share-child\";i:0;s:16:\"uagb\/star-rating\";i:0;s:23:\"uagb\/sure-cart-checkout\";i:0;s:22:\"uagb\/sure-cart-product\";i:0;s:15:\"uagb\/sure-forms\";i:0;s:22:\"uagb\/table-of-contents\";i:0;s:9:\"uagb\/tabs\";i:0;s:15:\"uagb\/tabs-child\";i:0;s:18:\"uagb\/taxonomy-list\";i:0;s:9:\"uagb\/team\";i:0;s:16:\"uagb\/testimonial\";i:0;s:14:\"uagb\/wp-search\";i:0;s:19:\"uagb\/instagram-feed\";i:0;s:10:\"uagb\/login\";i:0;s:17:\"uagb\/loop-builder\";i:0;s:18:\"uagb\/loop-category\";i:0;s:20:\"uagb\/loop-pagination\";i:0;s:15:\"uagb\/loop-reset\";i:0;s:16:\"uagb\/loop-search\";i:0;s:14:\"uagb\/loop-sort\";i:0;s:17:\"uagb\/loop-wrapper\";i:0;s:13:\"uagb\/register\";i:0;s:19:\"uagb\/register-email\";i:0;s:24:\"uagb\/register-first-name\";i:0;s:23:\"uagb\/register-last-name\";i:0;s:22:\"uagb\/register-password\";i:0;s:30:\"uagb\/register-reenter-password\";i:0;s:19:\"uagb\/register-terms\";i:0;s:22:\"uagb\/register-username\";i:0;}"],"_edit_lock":["1774056063:1"],"_uag_css_file_name":["uag-css-593.css"],"_uag_page_assets":["a:9:{s:3:\"css\";s:260:\".uag-blocks-common-selector{z-index:var(--z-index-desktop) !important}@media(max-width: 976px){.uag-blocks-common-selector{z-index:var(--z-index-tablet) !important}}@media(max-width: 767px){.uag-blocks-common-selector{z-index:var(--z-index-mobile) !important}}\";s:2:\"js\";s:0:\"\";s:18:\"current_block_list\";a:9:{i:0;s:12:\"core\/heading\";i:1;s:9:\"core\/list\";i:2;s:14:\"core\/list-item\";i:3;s:10:\"core\/table\";i:4;s:14:\"core\/paragraph\";i:5;s:11:\"core\/search\";i:6;s:10:\"core\/group\";i:7;s:17:\"core\/latest-posts\";i:8;s:15:\"core\/categories\";}s:8:\"uag_flag\";b:0;s:11:\"uag_version\";s:10:\"1777500387\";s:6:\"gfonts\";a:1:{s:7:\"Default\";a:2:{s:10:\"fontfamily\";s:7:\"Default\";s:12:\"fontvariants\";a:0:{}}}s:10:\"gfonts_url\";s:0:\"\";s:12:\"gfonts_files\";a:0:{}s:14:\"uag_faq_layout\";b:0;}"]},"uagb_featured_image_src":{"full":false,"thumbnail":false,"medium":false,"medium_large":false,"large":false,"1536x1536":false,"2048x2048":false},"uagb_author_info":{"display_name":"admin","author_link":"https:\/\/revistaece.dataware.cloud\/?author=1"},"uagb_comment_info":0,"uagb_excerpt":"Revisi\u00f3n por pares Revisi\u00f3n editorial (Ciencias Naturales y Sociales) Revisi\u00f3n por pares: (Artes) Celia Am\u00e9rica Nieto del Valle-Derecho-UMSNHVictor Fernando Nieto [&hellip;]","_links":{"self":[{"href":"https:\/\/revistaece.dataware.cloud\/index.php?rest_route=\/wp\/v2\/pages\/593","targetHints":{"allow":["GET"]}}],"collection":[{"href":"https:\/\/revistaece.dataware.cloud\/index.php?rest_route=\/wp\/v2\/pages"}],"about":[{"href":"https:\/\/revistaece.dataware.cloud\/index.php?rest_route=\/wp\/v2\/types\/page"}],"author":[{"embeddable":true,"href":"https:\/\/revistaece.dataware.cloud\/index.php?rest_route=\/wp\/v2\/users\/1"}],"replies":[{"embeddable":true,"href":"https:\/\/revistaece.dataware.cloud\/index.php?rest_route=%2Fwp%2Fv2%2Fcomments&post=593"}],"version-history":[{"count":18,"href":"https:\/\/revistaece.dataware.cloud\/index.php?rest_route=\/wp\/v2\/pages\/593\/revisions"}],"predecessor-version":[{"id":689,"href":"https:\/\/revistaece.dataware.cloud\/index.php?rest_route=\/wp\/v2\/pages\/593\/revisions\/689"}],"wp:attachment":[{"href":"https:\/\/revistaece.dataware.cloud\/index.php?rest_route=%2Fwp%2Fv2%2Fmedia&parent=593"}],"curies":[{"name":"wp","href":"https:\/\/api.w.org\/{rel}","templated":true}]}}