{"id":2,"date":"2025-03-23T21:42:37","date_gmt":"2025-03-23T21:42:37","guid":{"rendered":"https:\/\/revistaece.dataware.cloud\/?page_id=2"},"modified":"2026-03-20T19:18:01","modified_gmt":"2026-03-21T01:18:01","slug":"sample-page","status":"publish","type":"page","link":"https:\/\/revistaece.dataware.cloud\/?page_id=2","title":{"rendered":"P\u00e1gina legal"},"content":{"rendered":"\n<p class=\"has-text-align-center\"><strong>EDITORES<\/strong><\/p>\n\n\n\n<p class=\"has-text-align-center\">Celia Am\u00e9rica Nieto del Valle-UMSNH<br>Victor Fernando Nieto del Valle-UMSNH<\/p>\n\n\n\n<p class=\"has-text-align-center\"><strong>COMIT\u00c9 CIENT\u00cdFICO<\/strong><\/p>\n\n\n\n<p class=\"has-text-align-center\">Carlos Salvador Rodr\u00edguez Camarena-UMSNH<br>Claudia Alejandra Verduzco Moreno-UMSNH<br>Francisco Ramos Quiroz-UMSNH<br>Mar\u00eda Trinidad Rojas Arreola-UMSNH<br>Paulina Isabel Silva Rubio-UMSNH<br>Alejandra P\u00e9rez Nava-UNAM<br>Mario Valle S\u00e1nchez-UNAM<br>Amalia \u00c1vila Silva-UMSNH<br>David \u00c1ngel Lozano Tovar-UNAM<br>Karim Alan Corona Hern\u00e1ndez-UMSNH<br>Alicia Medrano Hern\u00e1ndez-UMSNH<\/p>\n\n\n\n<p class=\"has-text-align-center\"><strong>COMIT\u00c9 EDITORIAL<\/strong><\/p>\n\n\n\n<p class=\"has-text-align-center\">Celia Am\u00e9rica Nieto del Valle-UMSNH<br>Victor Fernando Nieto del Valle-UMSNH<\/p>\n\n\n\n<p class=\"has-text-align-center\"><strong>IMAGEN<\/strong><\/p>\n\n\n\n<p class=\"has-text-align-center\">Amalia \u00c1vila Silva-UMSNH<\/p>\n\n\n\n<p class=\"has-text-align-center\"><strong>DISE\u00d1O Y MAQUETACI\u00d3N<\/strong><\/p>\n\n\n\n<p class=\"has-text-align-center\">Amalia \u00c1vila Silva-UMSNH<\/p>\n\n\n\n<p class=\"has-text-align-left\">UMSNH: Universidad Michoacana de San Nicol\u00e1s de Hidalgo.<br>UNAM: Universidad Nacional Aut\u00f3noma de M\u00e9xico.<\/p>\n\n\n\n<div class=\"wp-block-uagb-separator uagb-block-26bb41ee\"><div class=\"wp-block-uagb-separator__inner\" style=\"--my-background-image:\"><\/div><\/div>\n\n\n\n<h2 class=\"wp-block-heading\">Objetivos y Alcance<\/h2>\n\n\n\n<p><strong>REVISTA EPISTEMOLOG\u00cdA CIENCIA EDUCATIVA<\/strong><\/p>\n\n\n\n<p>La <em>Revista Epistemolog\u00eda Ciencia Educativa<\/em> se presenta con el objetivo de <strong>difundir los avances cient\u00edficos y educativos<\/strong>, as\u00ed como temas que integran a investigadores, maestros y al p\u00fablico en general. Con una periodicidad semestral (enero-junio y julio-diciembre), la revista aspira a tener un impacto significativo en la sociedad al acercar el conocimiento a todos los interesados.<\/p>\n\n\n\n<p>En su cuarto tomo, la revista se enfoca en proporcionar una plataforma donde se reflejan los aportes y alcances m\u00e1s recientes en el campo de la educaci\u00f3n y la ciencia, entre otros. Los temas abordados son diversos e incluyen <strong>cr\u00edticas sociales, reflexiones, ensayos, reportes, art\u00edculos y resultados de investigaciones<\/strong>.<\/p>\n\n\n\n<p>Con esta variedad de contenidos, la revista busca no solo informar, sino tambi\u00e9n <strong>inspirar a sus lectores<\/strong> a trav\u00e9s del acercamiento a conocimientos innovadores y relevantes. Se posiciona como un recurso valioso para quienes desean mantenerse al d\u00eda con las tendencias y avances en estos campos, promoviendo un di\u00e1logo constante y enriquecedor en la comunidad educativa y cient\u00edfica.<\/p>\n\n\n\n<div class=\"wp-block-uagb-separator uagb-block-fd8ae352\"><div class=\"wp-block-uagb-separator__inner\" style=\"--my-background-image:\"><\/div><\/div>\n\n\n\n<blockquote class=\"wp-block-quote is-layout-flow wp-block-quote-is-layout-flow\">\n<p><strong>CINTILLO LEGAL<\/strong> <\/p>\n\n\n\n<p>REVISTA EPISTEMOLOG\u00cdA CIENCIA EDUCATIVA, a\u00f1o 3, No. 4, enero &#8211; junio 2026, es una Publicaci\u00f3n semestral editada por Victor Fernando Nieto del Valle, calle Noruega, 100, Col. Villa Universidad, Morelia, Michoac\u00e1n, C.P. 58060. Tel. (443)389-69-93, www.cienciaeducativa.com, fnieto@umich.mx Editores responsables:&nbsp; Victor Fernando Nieto del Valle, Celia Am\u00e9rica Nieto del.&nbsp; Reserva de Derechos al uso Exclusivo N. 04-2024-040212592400-102, ISSN: 3061-7936, ambos otorgados por el Instituto Nacional del Derecho de Autor. Responsable de la \u00faltima actualizaci\u00f3n de este N\u00famero, Celia Am\u00e9rica Nieto del Valle, Comit\u00e9 Editorial Ciencia Educativa, calle Noruega, 100, Col. Villa Universidad, Morelia, Michoac\u00e1n, C.P. 58060, fecha de \u00faltima modificaci\u00f3n, 1 de diciembre de 2026.<\/p>\n<\/blockquote>\n\n\n\n<div class=\"wp-block-uagb-separator uagb-block-71a1d61d\"><div class=\"wp-block-uagb-separator__inner\" style=\"--my-background-image:\"><\/div><\/div>\n","protected":false},"excerpt":{"rendered":"<p>EDITORES Celia Am\u00e9rica Nieto del Valle-UMSNHVictor Fernando Nieto del Valle-UMSNH COMIT\u00c9 CIENT\u00cdFICO Carlos Salvador Rodr\u00edguez Camarena-UMSNHClaudia Alejandra Verduzco Moreno-UMSNHFrancisco Ramos [&hellip;]<\/p>\n","protected":false},"author":1,"featured_media":0,"parent":0,"menu_order":0,"comment_status":"closed","ping_status":"closed","template":"","meta":{"_uag_custom_page_level_css":"","site-sidebar-layout":"default","site-content-layout":"","ast-site-content-layout":"default","site-content-style":"default","site-sidebar-style":"default","ast-global-header-display":"","ast-banner-title-visibility":"","ast-main-header-display":"","ast-hfb-above-header-display":"","ast-hfb-below-header-display":"","ast-hfb-mobile-header-display":"","site-post-title":"","ast-breadcrumbs-content":"","ast-featured-img":"","footer-sml-layout":"","ast-disable-related-posts":"","theme-transparent-header-meta":"","adv-header-id-meta":"","stick-header-meta":"","header-above-stick-meta":"","header-main-stick-meta":"","header-below-stick-meta":"","astra-migrate-meta-layouts":"default","ast-page-background-enabled":"default","ast-page-background-meta":{"desktop":{"background-color":"var(--ast-global-color-5)","background-image":"","background-repeat":"repeat","background-position":"center center","background-size":"auto","background-attachment":"scroll","background-type":"","background-media":"","overlay-type":"","overlay-color":"","overlay-opacity":"","overlay-gradient":""},"tablet":{"background-color":"","background-image":"","background-repeat":"repeat","background-position":"center center","background-size":"auto","background-attachment":"scroll","background-type":"","background-media":"","overlay-type":"","overlay-color":"","overlay-opacity":"","overlay-gradient":""},"mobile":{"background-color":"","background-image":"","background-repeat":"repeat","background-position":"center center","background-size":"auto","background-attachment":"scroll","background-type":"","background-media":"","overlay-type":"","overlay-color":"","overlay-opacity":"","overlay-gradient":""}},"ast-content-background-meta":{"desktop":{"background-color":"var(--ast-global-color-4)","background-image":"","background-repeat":"repeat","background-position":"center center","background-size":"auto","background-attachment":"scroll","background-type":"","background-media":"","overlay-type":"","overlay-color":"","overlay-opacity":"","overlay-gradient":""},"tablet":{"background-color":"var(--ast-global-color-4)","background-image":"","background-repeat":"repeat","background-position":"center center","background-size":"auto","background-attachment":"scroll","background-type":"","background-media":"","overlay-type":"","overlay-color":"","overlay-opacity":"","overlay-gradient":""},"mobile":{"background-color":"var(--ast-global-color-4)","background-image":"","background-repeat":"repeat","background-position":"center center","background-size":"auto","background-attachment":"scroll","background-type":"","background-media":"","overlay-type":"","overlay-color":"","overlay-opacity":"","overlay-gradient":""}},"footnotes":""},"class_list":["post-2","page","type-page","status-publish","hentry"],"spectra_custom_meta":{"_wp_page_template":["default"],"_edit_lock":["1774056084:1"],"_uagb_previous_block_counts":["a:90:{s:21:\"uagb\/advanced-heading\";i:0;s:15:\"uagb\/blockquote\";i:0;s:12:\"uagb\/buttons\";i:0;s:18:\"uagb\/buttons-child\";i:0;s:19:\"uagb\/call-to-action\";i:0;s:15:\"uagb\/cf7-styler\";i:0;s:11:\"uagb\/column\";i:0;s:12:\"uagb\/columns\";i:0;s:14:\"uagb\/container\";i:0;s:21:\"uagb\/content-timeline\";i:0;s:27:\"uagb\/content-timeline-child\";i:0;s:14:\"uagb\/countdown\";i:0;s:12:\"uagb\/counter\";i:0;s:8:\"uagb\/faq\";i:0;s:14:\"uagb\/faq-child\";i:0;s:10:\"uagb\/forms\";i:0;s:17:\"uagb\/forms-accept\";i:0;s:19:\"uagb\/forms-checkbox\";i:0;s:15:\"uagb\/forms-date\";i:0;s:16:\"uagb\/forms-email\";i:0;s:17:\"uagb\/forms-hidden\";i:0;s:15:\"uagb\/forms-name\";i:0;s:16:\"uagb\/forms-phone\";i:0;s:16:\"uagb\/forms-radio\";i:0;s:17:\"uagb\/forms-select\";i:0;s:19:\"uagb\/forms-textarea\";i:0;s:17:\"uagb\/forms-toggle\";i:0;s:14:\"uagb\/forms-url\";i:0;s:14:\"uagb\/gf-styler\";i:0;s:15:\"uagb\/google-map\";i:0;s:11:\"uagb\/how-to\";i:0;s:16:\"uagb\/how-to-step\";i:0;s:9:\"uagb\/icon\";i:0;s:14:\"uagb\/icon-list\";i:0;s:20:\"uagb\/icon-list-child\";i:0;s:10:\"uagb\/image\";i:0;s:18:\"uagb\/image-gallery\";i:0;s:13:\"uagb\/info-box\";i:0;s:18:\"uagb\/inline-notice\";i:0;s:11:\"uagb\/lottie\";i:0;s:21:\"uagb\/marketing-button\";i:0;s:10:\"uagb\/modal\";i:0;s:18:\"uagb\/popup-builder\";i:0;s:16:\"uagb\/post-button\";i:0;s:18:\"uagb\/post-carousel\";i:0;s:17:\"uagb\/post-excerpt\";i:0;s:14:\"uagb\/post-grid\";i:0;s:15:\"uagb\/post-image\";i:0;s:17:\"uagb\/post-masonry\";i:0;s:14:\"uagb\/post-meta\";i:0;s:18:\"uagb\/post-taxonomy\";i:0;s:18:\"uagb\/post-timeline\";i:0;s:15:\"uagb\/post-title\";i:0;s:20:\"uagb\/restaurant-menu\";i:0;s:26:\"uagb\/restaurant-menu-child\";i:0;s:11:\"uagb\/review\";i:0;s:12:\"uagb\/section\";i:0;s:14:\"uagb\/separator\";i:3;s:11:\"uagb\/slider\";i:0;s:17:\"uagb\/slider-child\";i:0;s:17:\"uagb\/social-share\";i:0;s:23:\"uagb\/social-share-child\";i:0;s:16:\"uagb\/star-rating\";i:0;s:23:\"uagb\/sure-cart-checkout\";i:0;s:22:\"uagb\/sure-cart-product\";i:0;s:15:\"uagb\/sure-forms\";i:0;s:22:\"uagb\/table-of-contents\";i:0;s:9:\"uagb\/tabs\";i:0;s:15:\"uagb\/tabs-child\";i:0;s:18:\"uagb\/taxonomy-list\";i:0;s:9:\"uagb\/team\";i:0;s:16:\"uagb\/testimonial\";i:0;s:14:\"uagb\/wp-search\";i:0;s:19:\"uagb\/instagram-feed\";i:0;s:10:\"uagb\/login\";i:0;s:17:\"uagb\/loop-builder\";i:0;s:18:\"uagb\/loop-category\";i:0;s:20:\"uagb\/loop-pagination\";i:0;s:15:\"uagb\/loop-reset\";i:0;s:16:\"uagb\/loop-search\";i:0;s:14:\"uagb\/loop-sort\";i:0;s:17:\"uagb\/loop-wrapper\";i:0;s:13:\"uagb\/register\";i:0;s:19:\"uagb\/register-email\";i:0;s:24:\"uagb\/register-first-name\";i:0;s:23:\"uagb\/register-last-name\";i:0;s:22:\"uagb\/register-password\";i:0;s:30:\"uagb\/register-reenter-password\";i:0;s:19:\"uagb\/register-terms\";i:0;s:22:\"uagb\/register-username\";i:0;}"],"_uagb_last_spectra_edit":["1774055793"],"_uag_css_file_name":["uag-css-2.css"],"_uag_page_assets":["a:9:{s:3:\"css\";s:6116:\".wp-block-uagb-separator{text-align:center;box-sizing:border-box;line-height:0}.wp-block-uagb-separator__inner{display:inline-block}.wp-block-uagb-separator:not(.wp-block-uagb-separator--text):not(.wp-block-uagb-separator--icon) .wp-block-uagb-separator__inner{border-top-style:solid;-webkit-mask:var(--my-background-image);-webkit-mask-size:38px 100%;-webkit-mask-repeat:repeat-x}.wp-block-uagb-separator--text .wp-block-uagb-separator__inner,.wp-block-uagb-separator--icon .wp-block-uagb-separator__inner{display:flex;justify-content:center;align-items:center;margin:0 auto}.wp-block-uagb-separator--text .wp-block-uagb-separator__inner::before,.wp-block-uagb-separator--icon .wp-block-uagb-separator__inner::before{display:block;content:\"\";border-bottom:0;flex-grow:1;border-top-color:#333;border-top-style:solid;-webkit-mask:var(--my-background-image);-webkit-mask-size:38px 100%;-webkit-mask-repeat:repeat-x}.wp-block-uagb-separator--text .wp-block-uagb-separator__inner::after,.wp-block-uagb-separator--icon .wp-block-uagb-separator__inner::after{display:block;content:\"\";border-bottom:0;flex-grow:1;border-top-color:#333;border-top-style:solid;-webkit-mask:var(--my-background-image);-webkit-mask-size:38px 100%;-webkit-mask-repeat:repeat-x}.wp-block-uagb-separator--icon .wp-block-uagb-separator-element svg{font-size:30px;color:#333;fill:#333;width:30px;height:30px;line-height:30px;max-width:none}.wp-block-uagb-separator--text .wp-block-uagb-separator-element .uagb-html-tag{word-break:initial;margin:0}.uagb-block-26bb41ee.wp-block-uagb-separator{text-align: center;}.uagb-block-26bb41ee.wp-block-uagb-separator--text .wp-block-uagb-separator-element .uagb-html-tag{font-style: normal;line-height: 1em;}.uagb-block-26bb41ee.wp-block-uagb-separator:not(.wp-block-uagb-separator--text):not(.wp-block-uagb-separator--icon) .wp-block-uagb-separator__inner{-webkit-mask-size: 5px 100%;border-top-width: 3px;width: 100%;border-top-style: solid;margin-top: 5px;margin-bottom: 5px;}.uagb-block-fd8ae352.wp-block-uagb-separator{text-align: center;}.uagb-block-fd8ae352.wp-block-uagb-separator--text .wp-block-uagb-separator-element .uagb-html-tag{font-style: normal;line-height: 1em;}.uagb-block-fd8ae352.wp-block-uagb-separator:not(.wp-block-uagb-separator--text):not(.wp-block-uagb-separator--icon) .wp-block-uagb-separator__inner{-webkit-mask-size: 5px 100%;border-top-width: 3px;width: 100%;border-top-style: solid;margin-top: 5px;margin-bottom: 5px;}.uagb-block-71a1d61d.wp-block-uagb-separator{text-align: center;}.uagb-block-71a1d61d.wp-block-uagb-separator--text .wp-block-uagb-separator-element .uagb-html-tag{font-style: normal;line-height: 1em;}.uagb-block-71a1d61d.wp-block-uagb-separator:not(.wp-block-uagb-separator--text):not(.wp-block-uagb-separator--icon) .wp-block-uagb-separator__inner{-webkit-mask-size: 5px 100%;border-top-width: 3px;width: 100%;border-top-style: solid;margin-top: 5px;margin-bottom: 5px;}@media only screen and (max-width: 976px) {.uagb-block-26bb41ee.wp-block-uagb-separator{text-align: center;}.uagb-block-26bb41ee.wp-block-uagb-separator--text .wp-block-uagb-separator-element .uagb-html-tag{font-style: normal;margin-bottom: initial;line-height: 1em;}.uagb-block-26bb41ee.wp-block-uagb-separator:not(.wp-block-uagb-separator--text):not(.wp-block-uagb-separator--icon) .wp-block-uagb-separator__inner{-webkit-mask-size: 5px 100%;width: 100%;border-top-style: solid;margin-top: 5px;margin-bottom: 5px;}.uagb-block-fd8ae352.wp-block-uagb-separator{text-align: center;}.uagb-block-fd8ae352.wp-block-uagb-separator--text .wp-block-uagb-separator-element .uagb-html-tag{font-style: normal;margin-bottom: initial;line-height: 1em;}.uagb-block-fd8ae352.wp-block-uagb-separator:not(.wp-block-uagb-separator--text):not(.wp-block-uagb-separator--icon) .wp-block-uagb-separator__inner{-webkit-mask-size: 5px 100%;width: 100%;border-top-style: solid;margin-top: 5px;margin-bottom: 5px;}.uagb-block-71a1d61d.wp-block-uagb-separator{text-align: center;}.uagb-block-71a1d61d.wp-block-uagb-separator--text .wp-block-uagb-separator-element .uagb-html-tag{font-style: normal;margin-bottom: initial;line-height: 1em;}.uagb-block-71a1d61d.wp-block-uagb-separator:not(.wp-block-uagb-separator--text):not(.wp-block-uagb-separator--icon) .wp-block-uagb-separator__inner{-webkit-mask-size: 5px 100%;width: 100%;border-top-style: solid;margin-top: 5px;margin-bottom: 5px;}}@media only screen and (max-width: 767px) {.uagb-block-26bb41ee.wp-block-uagb-separator{text-align: center;}.uagb-block-26bb41ee.wp-block-uagb-separator--text .wp-block-uagb-separator-element .uagb-html-tag{font-style: normal;margin-bottom: initial;line-height: 1em;}.uagb-block-26bb41ee.wp-block-uagb-separator:not(.wp-block-uagb-separator--text):not(.wp-block-uagb-separator--icon) .wp-block-uagb-separator__inner{-webkit-mask-size: 5px 100%;width: 100%;border-top-style: solid;margin-top: 5px;margin-bottom: 5px;}.uagb-block-fd8ae352.wp-block-uagb-separator{text-align: center;}.uagb-block-fd8ae352.wp-block-uagb-separator--text .wp-block-uagb-separator-element .uagb-html-tag{font-style: normal;margin-bottom: initial;line-height: 1em;}.uagb-block-fd8ae352.wp-block-uagb-separator:not(.wp-block-uagb-separator--text):not(.wp-block-uagb-separator--icon) .wp-block-uagb-separator__inner{-webkit-mask-size: 5px 100%;width: 100%;border-top-style: solid;margin-top: 5px;margin-bottom: 5px;}.uagb-block-71a1d61d.wp-block-uagb-separator{text-align: center;}.uagb-block-71a1d61d.wp-block-uagb-separator--text .wp-block-uagb-separator-element .uagb-html-tag{font-style: normal;margin-bottom: initial;line-height: 1em;}.uagb-block-71a1d61d.wp-block-uagb-separator:not(.wp-block-uagb-separator--text):not(.wp-block-uagb-separator--icon) .wp-block-uagb-separator__inner{-webkit-mask-size: 5px 100%;width: 100%;border-top-style: solid;margin-top: 5px;margin-bottom: 5px;}}.uag-blocks-common-selector{z-index:var(--z-index-desktop) !important}@media(max-width: 976px){.uag-blocks-common-selector{z-index:var(--z-index-tablet) !important}}@media(max-width: 767px){.uag-blocks-common-selector{z-index:var(--z-index-mobile) !important}}\";s:2:\"js\";s:0:\"\";s:18:\"current_block_list\";a:8:{i:0;s:14:\"core\/paragraph\";i:1;s:14:\"uagb\/separator\";i:2;s:12:\"core\/heading\";i:3;s:10:\"core\/quote\";i:4;s:11:\"core\/search\";i:5;s:10:\"core\/group\";i:6;s:17:\"core\/latest-posts\";i:7;s:15:\"core\/categories\";}s:8:\"uag_flag\";b:1;s:11:\"uag_version\";s:10:\"1777500387\";s:6:\"gfonts\";a:1:{s:7:\"Default\";a:2:{s:10:\"fontfamily\";s:7:\"Default\";s:12:\"fontvariants\";a:0:{}}}s:10:\"gfonts_url\";s:0:\"\";s:12:\"gfonts_files\";a:0:{}s:14:\"uag_faq_layout\";b:0;}"]},"uagb_featured_image_src":{"full":false,"thumbnail":false,"medium":false,"medium_large":false,"large":false,"1536x1536":false,"2048x2048":false},"uagb_author_info":{"display_name":"admin","author_link":"https:\/\/revistaece.dataware.cloud\/?author=1"},"uagb_comment_info":0,"uagb_excerpt":"EDITORES Celia Am\u00e9rica Nieto del Valle-UMSNHVictor Fernando Nieto del Valle-UMSNH COMIT\u00c9 CIENT\u00cdFICO Carlos Salvador Rodr\u00edguez Camarena-UMSNHClaudia Alejandra Verduzco Moreno-UMSNHFrancisco Ramos [&hellip;]","_links":{"self":[{"href":"https:\/\/revistaece.dataware.cloud\/index.php?rest_route=\/wp\/v2\/pages\/2","targetHints":{"allow":["GET"]}}],"collection":[{"href":"https:\/\/revistaece.dataware.cloud\/index.php?rest_route=\/wp\/v2\/pages"}],"about":[{"href":"https:\/\/revistaece.dataware.cloud\/index.php?rest_route=\/wp\/v2\/types\/page"}],"author":[{"embeddable":true,"href":"https:\/\/revistaece.dataware.cloud\/index.php?rest_route=\/wp\/v2\/users\/1"}],"replies":[{"embeddable":true,"href":"https:\/\/revistaece.dataware.cloud\/index.php?rest_route=%2Fwp%2Fv2%2Fcomments&post=2"}],"version-history":[{"count":3,"href":"https:\/\/revistaece.dataware.cloud\/index.php?rest_route=\/wp\/v2\/pages\/2\/revisions"}],"predecessor-version":[{"id":687,"href":"https:\/\/revistaece.dataware.cloud\/index.php?rest_route=\/wp\/v2\/pages\/2\/revisions\/687"}],"wp:attachment":[{"href":"https:\/\/revistaece.dataware.cloud\/index.php?rest_route=%2Fwp%2Fv2%2Fmedia&parent=2"}],"curies":[{"name":"wp","href":"https:\/\/api.w.org\/{rel}","templated":true}]}}